{"id":126,"date":"2022-11-08T14:49:16","date_gmt":"2022-11-08T13:49:16","guid":{"rendered":"https:\/\/www.whisky-messe.at\/?page_id=126"},"modified":"2025-11-05T07:06:12","modified_gmt":"2025-11-05T06:06:12","slug":"willkommen-auf-whisky-messe-at","status":"publish","type":"page","link":"https:\/\/www.whisky-messe.at\/","title":{"rendered":"Willkommen auf whisky-messe.at"},"content":{"rendered":"\n<h1 class=\"wp-block-heading has-text-align-center\"><strong>Bitte w\u00e4hlen Sie f\u00fcr die gew\u00fcnschte Informationen aus <\/strong>:<\/h1>\n\n\n\n<div id=\"wp-block-themeisle-blocks-advanced-columns-c45093aa\" class=\"wp-block-themeisle-blocks-advanced-columns has-3-columns has-desktop-equal-layout has-tablet-equal-layout has-mobile-equal-layout has-vertical-unset\"><div class=\"wp-block-themeisle-blocks-advanced-columns-overlay\"><\/div><div class=\"innerblocks-wrap\">\n<div id=\"wp-block-themeisle-blocks-advanced-column-de9facc7\" class=\"wp-block-themeisle-blocks-advanced-column\">\n<figure class=\"wp-block-image size-full\"><a href=\"https:\/\/graz.whisky-messe.at\"><img loading=\"lazy\" decoding=\"async\" width=\"724\" height=\"1024\" src=\"https:\/\/www.whisky-messe.at\/wp-content\/uploads\/2025\/06\/2026_Graz_Plakat.png\" alt=\"\" class=\"wp-image-171\" srcset=\"https:\/\/www.whisky-messe.at\/wp-content\/uploads\/2025\/06\/2026_Graz_Plakat.png 724w, https:\/\/www.whisky-messe.at\/wp-content\/uploads\/2025\/06\/2026_Graz_Plakat-212x300.png 212w\" sizes=\"auto, (max-width: 724px) 100vw, 724px\" \/><\/a><\/figure>\n<\/div>\n\n\n\n<div id=\"wp-block-themeisle-blocks-advanced-column-3fc8a8e6\" class=\"wp-block-themeisle-blocks-advanced-column\"><\/div>\n\n\n\n<div id=\"wp-block-themeisle-blocks-advanced-column-69074f93\" class=\"wp-block-themeisle-blocks-advanced-column\">\n<figure class=\"wp-block-image size-full\"><img loading=\"lazy\" decoding=\"async\" width=\"1240\" height=\"1754\" src=\"https:\/\/www.whisky-messe.at\/wp-content\/uploads\/2025\/11\/Flyer-2026-1.jpg\" alt=\"\" class=\"wp-image-182\" srcset=\"https:\/\/www.whisky-messe.at\/wp-content\/uploads\/2025\/11\/Flyer-2026-1.jpg 1240w, https:\/\/www.whisky-messe.at\/wp-content\/uploads\/2025\/11\/Flyer-2026-1-212x300.jpg 212w, https:\/\/www.whisky-messe.at\/wp-content\/uploads\/2025\/11\/Flyer-2026-1-724x1024.jpg 724w, https:\/\/www.whisky-messe.at\/wp-content\/uploads\/2025\/11\/Flyer-2026-1-768x1086.jpg 768w, https:\/\/www.whisky-messe.at\/wp-content\/uploads\/2025\/11\/Flyer-2026-1-1086x1536.jpg 1086w\" sizes=\"auto, (max-width: 1240px) 100vw, 1240px\" \/><\/figure>\n<\/div>\n<\/div><\/div>\n","protected":false},"excerpt":{"rendered":"<p>Bitte w\u00e4hlen Sie f\u00fcr die gew\u00fcnschte Informationen aus :<\/p>\n","protected":false},"author":1,"featured_media":0,"parent":0,"menu_order":0,"comment_status":"closed","ping_status":"closed","template":"","meta":{"_themeisle_gutenberg_block_has_review":false,"footnotes":""},"class_list":["post-126","page","type-page","status-publish","hentry"],"aioseo_notices":[],"_links":{"self":[{"href":"https:\/\/www.whisky-messe.at\/index.php?rest_route=\/wp\/v2\/pages\/126","targetHints":{"allow":["GET"]}}],"collection":[{"href":"https:\/\/www.whisky-messe.at\/index.php?rest_route=\/wp\/v2\/pages"}],"about":[{"href":"https:\/\/www.whisky-messe.at\/index.php?rest_route=\/wp\/v2\/types\/page"}],"author":[{"embeddable":true,"href":"https:\/\/www.whisky-messe.at\/index.php?rest_route=\/wp\/v2\/users\/1"}],"replies":[{"embeddable":true,"href":"https:\/\/www.whisky-messe.at\/index.php?rest_route=%2Fwp%2Fv2%2Fcomments&post=126"}],"version-history":[{"count":18,"href":"https:\/\/www.whisky-messe.at\/index.php?rest_route=\/wp\/v2\/pages\/126\/revisions"}],"predecessor-version":[{"id":183,"href":"https:\/\/www.whisky-messe.at\/index.php?rest_route=\/wp\/v2\/pages\/126\/revisions\/183"}],"wp:attachment":[{"href":"https:\/\/www.whisky-messe.at\/index.php?rest_route=%2Fwp%2Fv2%2Fmedia&parent=126"}],"curies":[{"name":"wp","href":"https:\/\/api.w.org\/{rel}","templated":true}]}}